{"id":22851,"date":"2024-04-23T14:25:33","date_gmt":"2024-04-23T14:25:33","guid":{"rendered":"https:\/\/dbharchitectes.com\/?page_id=22851"},"modified":"2024-04-24T10:57:52","modified_gmt":"2024-04-24T10:57:52","slug":"competition-intes","status":"publish","type":"page","link":"https:\/\/dbharchitectes.com\/?page_id=22851","title":{"rendered":"Comp\u00e9tition INTES"},"content":{"rendered":"\t\t<div data-elementor-type=\"wp-page\" data-elementor-id=\"22851\" class=\"elementor elementor-22851\" data-elementor-settings=\"[]\">\n\t\t\t\t\t\t\t<div class=\"elementor-section-wrap\">\n\t\t\t\t\t\t\t<section class=\"elementor-section elementor-top-section elementor-element elementor-element-c977779 elementor-section-boxed elementor-section-height-default elementor-section-height-default\" data-id=\"c977779\" data-element_type=\"section\">\n\t\t\t\t\t\t<div class=\"elementor-container elementor-column-gap-default\">\n\t\t\t\t\t<div class=\"elementor-column elementor-col-100 elementor-top-column elementor-element elementor-element-0ad5f4f\" data-id=\"0ad5f4f\" data-element_type=\"column\" data-settings=\"{&quot;background_background&quot;:&quot;slideshow&quot;,&quot;background_slideshow_gallery&quot;:[],&quot;background_slideshow_slide_duration&quot;:5000,&quot;background_slideshow_slide_transition&quot;:&quot;fade&quot;,&quot;background_slideshow_transition_duration&quot;:500}\">\n\t\t\t<div class=\"elementor-widget-wrap elementor-element-populated\">\n\t\t\t\t\t\t\t\t<div class=\"elementor-element elementor-element-f023ee6 elementor-widget elementor-widget-heading\" data-id=\"f023ee6\" data-element_type=\"widget\" data-widget_type=\"heading.default\">\n\t\t\t\t<div class=\"elementor-widget-container\">\n\t\t\t<style>\/*! elementor - v3.5.3 - 28-12-2021 *\/\n.elementor-heading-title{padding:0;margin:0;line-height:1}.elementor-widget-heading .elementor-heading-title[class*=elementor-size-]>a{color:inherit;font-size:inherit;line-height:inherit}.elementor-widget-heading .elementor-heading-title.elementor-size-small{font-size:15px}.elementor-widget-heading .elementor-heading-title.elementor-size-medium{font-size:19px}.elementor-widget-heading .elementor-heading-title.elementor-size-large{font-size:29px}.elementor-widget-heading .elementor-heading-title.elementor-size-xl{font-size:39px}.elementor-widget-heading .elementor-heading-title.elementor-size-xxl{font-size:59px}<\/style><h1 class=\"elementor-heading-title elementor-size-large\">Comp\u00e9tition INTES\n<\/h1>\t\t<\/div>\n\t\t\t\t<\/div>\n\t\t\t\t\t<\/div>\n\t\t<\/div>\n\t\t\t\t\t\t\t<\/div>\n\t\t<\/section>\n\t\t\t\t<section class=\"elementor-section elementor-top-section elementor-element elementor-element-669718d elementor-section-boxed elementor-section-height-default elementor-section-height-default\" data-id=\"669718d\" data-element_type=\"section\">\n\t\t\t\t\t\t<div class=\"elementor-container elementor-column-gap-default\">\n\t\t\t\t\t<div class=\"elementor-column elementor-col-100 elementor-top-column elementor-element elementor-element-694125e\" data-id=\"694125e\" data-element_type=\"column\">\n\t\t\t<div class=\"elementor-widget-wrap elementor-element-populated\">\n\t\t\t\t\t\t\t\t<div class=\"elementor-element elementor-element-3be3ee6 elementor-widget elementor-widget-text-editor\" data-id=\"3be3ee6\" data-element_type=\"widget\" data-widget_type=\"text-editor.default\">\n\t\t\t\t<div class=\"elementor-widget-container\">\n\t\t\t<style>\/*! elementor - v3.5.3 - 28-12-2021 *\/\n.elementor-widget-text-editor.elementor-drop-cap-view-stacked .elementor-drop-cap{background-color:#818a91;color:#fff}.elementor-widget-text-editor.elementor-drop-cap-view-framed .elementor-drop-cap{color:#818a91;border:3px solid;background-color:transparent}.elementor-widget-text-editor:not(.elementor-drop-cap-view-default) .elementor-drop-cap{margin-top:8px}.elementor-widget-text-editor:not(.elementor-drop-cap-view-default) .elementor-drop-cap-letter{width:1em;height:1em}.elementor-widget-text-editor .elementor-drop-cap{float:left;text-align:center;line-height:1;font-size:50px}.elementor-widget-text-editor .elementor-drop-cap-letter{display:inline-block}<\/style>\t\t\t\t<p>PROJET DE CONSTRUCTION DE L\u2019INSTITUT NATIONAL DE TRAVAIL ET DES ETUDES SOCIALES SIS A MANOUBA<\/p>\t\t\t\t\t\t<\/div>\n\t\t\t\t<\/div>\n\t\t\t\t\t<\/div>\n\t\t<\/div>\n\t\t\t\t\t\t\t<\/div>\n\t\t<\/section>\n\t\t\t\t<section class=\"elementor-section elementor-top-section elementor-element elementor-element-3fec596 elementor-section-boxed elementor-section-height-default elementor-section-height-default\" data-id=\"3fec596\" data-element_type=\"section\">\n\t\t\t\t\t\t<div class=\"elementor-container elementor-column-gap-default\">\n\t\t\t\t\t<div class=\"elementor-column elementor-col-100 elementor-top-column elementor-element elementor-element-834f3a1\" data-id=\"834f3a1\" data-element_type=\"column\">\n\t\t\t<div class=\"elementor-widget-wrap elementor-element-populated\">\n\t\t\t\t\t\t\t\t<div class=\"elementor-element elementor-element-b39d0c1 elementor-widget elementor-widget-gallery\" data-id=\"b39d0c1\" data-element_type=\"widget\" data-settings=\"{&quot;gallery_layout&quot;:&quot;masonry&quot;,&quot;columns&quot;:3,&quot;lazyload&quot;:&quot;yes&quot;,&quot;columns_tablet&quot;:2,&quot;columns_mobile&quot;:1,&quot;gap&quot;:{&quot;unit&quot;:&quot;px&quot;,&quot;size&quot;:10,&quot;sizes&quot;:[]},&quot;gap_tablet&quot;:{&quot;unit&quot;:&quot;px&quot;,&quot;size&quot;:10,&quot;sizes&quot;:[]},&quot;gap_mobile&quot;:{&quot;unit&quot;:&quot;px&quot;,&quot;size&quot;:10,&quot;sizes&quot;:[]},&quot;link_to&quot;:&quot;file&quot;,&quot;overlay_background&quot;:&quot;yes&quot;,&quot;content_hover_animation&quot;:&quot;fade-in&quot;}\" data-widget_type=\"gallery.default\">\n\t\t\t\t<div class=\"elementor-widget-container\">\n\t\t\t<style>\/*! elementor-pro - v3.5.2 - 28-11-2021 *\/\n.elementor-gallery__container{min-height:1px}.elementor-gallery-item{position:relative;overflow:hidden;display:block;text-decoration:none;border:solid var(--image-border-width) var(--image-border-color);border-radius:var(--image-border-radius)}.elementor-gallery-item__content,.elementor-gallery-item__overlay{height:100%;width:100%;position:absolute;top:0;left:0}.elementor-gallery-item__overlay{mix-blend-mode:var(--overlay-mix-blend-mode);-webkit-transition-duration:var(--overlay-transition-duration);-o-transition-duration:var(--overlay-transition-duration);transition-duration:var(--overlay-transition-duration);-webkit-transition-property:mix-blend-mode,opacity,background-color,-webkit-transform;transition-property:mix-blend-mode,opacity,background-color,-webkit-transform;-o-transition-property:mix-blend-mode,transform,opacity,background-color;transition-property:mix-blend-mode,transform,opacity,background-color;transition-property:mix-blend-mode,transform,opacity,background-color,-webkit-transform}.elementor-gallery-item__image.e-gallery-image{-webkit-transition-duration:var(--image-transition-duration);-o-transition-duration:var(--image-transition-duration);transition-duration:var(--image-transition-duration);-webkit-transition-property:-webkit-filter,-webkit-transform;transition-property:-webkit-filter,-webkit-transform;-o-transition-property:filter,transform;transition-property:filter,transform;transition-property:filter,transform,-webkit-filter,-webkit-transform}.elementor-gallery-item__content{display:-webkit-box;display:-ms-flexbox;display:flex;-webkit-box-orient:vertical;-webkit-box-direction:normal;-ms-flex-direction:column;flex-direction:column;-webkit-box-pack:var(--content-justify-content,center);-ms-flex-pack:var(--content-justify-content,center);justify-content:var(--content-justify-content,center);-webkit-box-align:center;-ms-flex-align:center;align-items:center;text-align:var(--content-text-align);padding:var(--content-padding)}.elementor-gallery-item__content>div{-webkit-transition-duration:var(--content-transition-duration);-o-transition-duration:var(--content-transition-duration);transition-duration:var(--content-transition-duration)}.elementor-gallery-item__content.elementor-gallery--sequenced-animation>div:nth-child(2){-webkit-transition-delay:calc((var(--content-transition-delay) \/ 3));-o-transition-delay:calc((var(--content-transition-delay) \/ 3));transition-delay:calc((var(--content-transition-delay) \/ 3))}.elementor-gallery-item__content.elementor-gallery--sequenced-animation>div:nth-child(3){-webkit-transition-delay:calc((var(--content-transition-delay) \/ 3) * 2);-o-transition-delay:calc((var(--content-transition-delay) \/ 3) * 2);transition-delay:calc((var(--content-transition-delay) \/ 3) * 2)}.elementor-gallery-item__content.elementor-gallery--sequenced-animation>div:nth-child(4){-webkit-transition-delay:calc((var(--content-transition-delay) \/ 3) * 3);-o-transition-delay:calc((var(--content-transition-delay) \/ 3) * 3);transition-delay:calc((var(--content-transition-delay) \/ 3) * 3)}.elementor-gallery-item__description{color:var(--description-text-color,#fff);width:100%}.elementor-gallery-item__title{color:var(--title-text-color,#fff);font-weight:700;width:100%}.elementor-gallery__titles-container{display:-webkit-box;display:-ms-flexbox;display:flex;-ms-flex-wrap:wrap;flex-wrap:wrap;-webkit-box-pack:var(--titles-container-justify-content,center);-ms-flex-pack:var(--titles-container-justify-content,center);justify-content:var(--titles-container-justify-content,center);margin-bottom:20px}.elementor-gallery__titles-container:not(.e--pointer-framed) .elementor-item:after,.elementor-gallery__titles-container:not(.e--pointer-framed) .elementor-item:before{background-color:var(--galleries-pointer-bg-color-hover)}.elementor-gallery__titles-container:not(.e--pointer-framed) .elementor-item.elementor-item-active:after,.elementor-gallery__titles-container:not(.e--pointer-framed) .elementor-item.elementor-item-active:before{background-color:var(--galleries-pointer-bg-color-active)}.elementor-gallery__titles-container.e--pointer-framed .elementor-item:before{border-color:var(--galleries-pointer-bg-color-hover);border-width:var(--galleries-pointer-border-width)}.elementor-gallery__titles-container.e--pointer-framed .elementor-item:after{border-color:var(--galleries-pointer-bg-color-hover)}.elementor-gallery__titles-container.e--pointer-framed .elementor-item.elementor-item-active:after,.elementor-gallery__titles-container.e--pointer-framed .elementor-item.elementor-item-active:before{border-color:var(--galleries-pointer-bg-color-active)}.elementor-gallery__titles-container.e--pointer-framed.e--animation-draw .elementor-item:before{border-left-width:var(--galleries-pointer-border-width);border-bottom-width:var(--galleries-pointer-border-width);border-right-width:0;border-top-width:0}.elementor-gallery__titles-container.e--pointer-framed.e--animation-draw .elementor-item:after{border-left-width:0;border-bottom-width:0;border-right-width:var(--galleries-pointer-border-width);border-top-width:var(--galleries-pointer-border-width)}.elementor-gallery__titles-container.e--pointer-framed.e--animation-corners .elementor-item:before{border-left-width:var(--galleries-pointer-border-width);border-bottom-width:0;border-right-width:0;border-top-width:var(--galleries-pointer-border-width)}.elementor-gallery__titles-container.e--pointer-framed.e--animation-corners .elementor-item:after{border-left-width:0;border-bottom-width:var(--galleries-pointer-border-width);border-right-width:var(--galleries-pointer-border-width);border-top-width:0}.elementor-gallery__titles-container .e--pointer-double-line .elementor-item:after,.elementor-gallery__titles-container .e--pointer-double-line .elementor-item:before,.elementor-gallery__titles-container .e--pointer-overline .elementor-item:before,.elementor-gallery__titles-container .e--pointer-underline .elementor-item:after{height:var(--galleries-pointer-border-width)}.elementor-gallery-title{--space-between:10px;cursor:pointer;color:#6d7882;font-weight:500;position:relative;padding:7px 14px;-webkit-transition:all .3s;-o-transition:all .3s;transition:all .3s}.elementor-gallery-title--active{color:#495157}.elementor-gallery-title:not(:last-child){margin-right:var(--space-between)}.elementor-gallery-item__title+.elementor-gallery-item__description{margin-top:var(--description-margin-top)}.e-gallery-item.elementor-gallery-item{-webkit-transition-property:all;-o-transition-property:all;transition-property:all}.e-gallery-item.elementor-animated-content .elementor-animated-item--enter-from-bottom,.e-gallery-item.elementor-animated-content .elementor-animated-item--enter-from-left,.e-gallery-item.elementor-animated-content .elementor-animated-item--enter-from-right,.e-gallery-item.elementor-animated-content .elementor-animated-item--enter-from-top,.e-gallery-item:hover .elementor-gallery__item-overlay-bg,.e-gallery-item:hover .elementor-gallery__item-overlay-content,.e-gallery-item:hover .elementor-gallery__item-overlay-content__description,.e-gallery-item:hover .elementor-gallery__item-overlay-content__title{opacity:1}a.elementor-item.elementor-gallery-title{color:var(--galleries-title-color-normal)}a.elementor-item.elementor-gallery-title.elementor-item-active,a.elementor-item.elementor-gallery-title.highlighted,a.elementor-item.elementor-gallery-title:focus,a.elementor-item.elementor-gallery-title:hover{color:var(--galleries-title-color-hover)}a.elementor-item.elementor-gallery-title.elementor-item-active{color:var(--gallery-title-color-active)}<\/style>\t\t<div class=\"elementor-gallery__container\">\n\t\t\t\t\t\t\t<a class=\"e-gallery-item elementor-gallery-item elementor-animated-content\" href=\"https:\/\/dbharchitectes.com\/wp-content\/uploads\/2024\/04\/126.jpg\" data-elementor-open-lightbox=\"yes\" data-elementor-lightbox-slideshow=\"all-b39d0c1\" data-elementor-lightbox-title=\"126\">\n\t\t\t\t\t<div class=\"e-gallery-image elementor-gallery-item__image\" data-thumbnail=\"https:\/\/dbharchitectes.com\/wp-content\/uploads\/2024\/04\/126-768x413.jpg\" data-width=\"768\" data-height=\"413\" alt=\"\" ><\/div>\n\t\t\t\t\t\t\t\t\t\t\t<div class=\"elementor-gallery-item__overlay\"><\/div>\n\t\t\t\t\t\t\t\t\t\t\t\t\t\t<\/a>\n\t\t\t\t\t\t\t<a class=\"e-gallery-item elementor-gallery-item elementor-animated-content\" href=\"https:\/\/dbharchitectes.com\/wp-content\/uploads\/2024\/04\/127.jpg\" data-elementor-open-lightbox=\"yes\" data-elementor-lightbox-slideshow=\"all-b39d0c1\" data-elementor-lightbox-title=\"127\">\n\t\t\t\t\t<div class=\"e-gallery-image elementor-gallery-item__image\" data-thumbnail=\"https:\/\/dbharchitectes.com\/wp-content\/uploads\/2024\/04\/127-768x432.jpg\" data-width=\"768\" data-height=\"432\" alt=\"\" ><\/div>\n\t\t\t\t\t\t\t\t\t\t\t<div class=\"elementor-gallery-item__overlay\"><\/div>\n\t\t\t\t\t\t\t\t\t\t\t\t\t\t<\/a>\n\t\t\t\t\t\t\t<a class=\"e-gallery-item elementor-gallery-item elementor-animated-content\" href=\"https:\/\/dbharchitectes.com\/wp-content\/uploads\/2024\/04\/128.jpg\" data-elementor-open-lightbox=\"yes\" data-elementor-lightbox-slideshow=\"all-b39d0c1\" data-elementor-lightbox-title=\"128\">\n\t\t\t\t\t<div class=\"e-gallery-image elementor-gallery-item__image\" data-thumbnail=\"https:\/\/dbharchitectes.com\/wp-content\/uploads\/2024\/04\/128-768x432.jpg\" data-width=\"768\" data-height=\"432\" alt=\"\" ><\/div>\n\t\t\t\t\t\t\t\t\t\t\t<div class=\"elementor-gallery-item__overlay\"><\/div>\n\t\t\t\t\t\t\t\t\t\t\t\t\t\t<\/a>\n\t\t\t\t\t\t\t<a class=\"e-gallery-item elementor-gallery-item elementor-animated-content\" href=\"https:\/\/dbharchitectes.com\/wp-content\/uploads\/2024\/04\/132.jpg\" data-elementor-open-lightbox=\"yes\" data-elementor-lightbox-slideshow=\"all-b39d0c1\" data-elementor-lightbox-title=\"132\">\n\t\t\t\t\t<div class=\"e-gallery-image elementor-gallery-item__image\" data-thumbnail=\"https:\/\/dbharchitectes.com\/wp-content\/uploads\/2024\/04\/132-768x432.jpg\" data-width=\"768\" data-height=\"432\" alt=\"\" ><\/div>\n\t\t\t\t\t\t\t\t\t\t\t<div class=\"elementor-gallery-item__overlay\"><\/div>\n\t\t\t\t\t\t\t\t\t\t\t\t\t\t<\/a>\n\t\t\t\t\t\t\t<a class=\"e-gallery-item elementor-gallery-item elementor-animated-content\" href=\"https:\/\/dbharchitectes.com\/wp-content\/uploads\/2024\/04\/133.jpg\" data-elementor-open-lightbox=\"yes\" data-elementor-lightbox-slideshow=\"all-b39d0c1\" data-elementor-lightbox-title=\"133\">\n\t\t\t\t\t<div class=\"e-gallery-image elementor-gallery-item__image\" data-thumbnail=\"https:\/\/dbharchitectes.com\/wp-content\/uploads\/2024\/04\/133-768x459.jpg\" data-width=\"768\" data-height=\"459\" alt=\"\" ><\/div>\n\t\t\t\t\t\t\t\t\t\t\t<div class=\"elementor-gallery-item__overlay\"><\/div>\n\t\t\t\t\t\t\t\t\t\t\t\t\t\t<\/a>\n\t\t\t\t\t\t\t<a class=\"e-gallery-item elementor-gallery-item elementor-animated-content\" href=\"https:\/\/dbharchitectes.com\/wp-content\/uploads\/2024\/04\/143.jpg\" data-elementor-open-lightbox=\"yes\" data-elementor-lightbox-slideshow=\"all-b39d0c1\" data-elementor-lightbox-title=\"143\">\n\t\t\t\t\t<div class=\"e-gallery-image elementor-gallery-item__image\" data-thumbnail=\"https:\/\/dbharchitectes.com\/wp-content\/uploads\/2024\/04\/143-768x432.jpg\" data-width=\"768\" data-height=\"432\" alt=\"\" ><\/div>\n\t\t\t\t\t\t\t\t\t\t\t<div class=\"elementor-gallery-item__overlay\"><\/div>\n\t\t\t\t\t\t\t\t\t\t\t\t\t\t<\/a>\n\t\t\t\t\t<\/div>\n\t\t\t<\/div>\n\t\t\t\t<\/div>\n\t\t\t\t\t<\/div>\n\t\t<\/div>\n\t\t\t\t\t\t\t<\/div>\n\t\t<\/section>\n\t\t\t\t<section class=\"elementor-section elementor-top-section elementor-element elementor-element-8f2d593 elementor-section-boxed elementor-section-height-default elementor-section-height-default\" data-id=\"8f2d593\" data-element_type=\"section\">\n\t\t\t\t\t\t<div class=\"elementor-container elementor-column-gap-default\">\n\t\t\t\t\t<div class=\"elementor-column elementor-col-100 elementor-top-column elementor-element elementor-element-0f15104\" data-id=\"0f15104\" data-element_type=\"column\">\n\t\t\t<div class=\"elementor-widget-wrap elementor-element-populated\">\n\t\t\t\t\t\t\t\t<div class=\"elementor-element elementor-element-eb41f0d elementor-widget elementor-widget-text-editor\" data-id=\"eb41f0d\" data-element_type=\"widget\" data-widget_type=\"text-editor.default\">\n\t\t\t\t<div class=\"elementor-widget-container\">\n\t\t\t\t\t\t\t<p>L\u2019insertion du projet dans le site:<br \/>La conception g\u00e9n\u00e9rale du projet s&rsquo;appuie sur une id\u00e9e majeure: est que le b\u00e2timent r\u00e9serv\u00e9 \u00e0 l\u2019enseignement imposant par son hauteur et sa longueur reste toujours l\u2019axe principal du projet sur lequel on vient de greffer d\u2019autres b\u00e2timents en relation directe ou indirecte avec ce dernier connect\u00e9s par des passerelles et permettant ainsi de cr\u00e9er une s\u00e9rie de patios.<\/p><p>L\u2019insertion du projet dans son environnement et le mode d\u2019adaptation au terrain<br \/>La qualit\u00e9 paysag\u00e8re du site est premi\u00e8re, notre projet est con\u00e7u pour s\u2019int\u00e9grer parfaitement dans le paysage du milieu urbain. Un ensemble de masses, tendant \u00e0 se fondre dans l\u2019environnement imm\u00e9diat. Nous imaginons un dispositif simple en parfaite ad\u00e9quation avec le tissu existant.<\/p><p>Un jeu d\u2019ouvertures, des transparences, des ambiances dans le parcours cr\u00e9\u00e9es par des pleins et des vides avec une verri\u00e8re en panneaux photovolta\u00efques afin de temp\u00e9rer les locaux avoisinants et par la suite de dynamiser le projet.<\/p><p>L\u2019\u00e9difice se pose de mani\u00e8re forte mais non envahissante sur le terrain et impose d\u00e9sormais sa propre volum\u00e9trie pour recomposer l\u2019ensemble de la perception g\u00e9n\u00e9rale de la zone.<\/p><p>La concept Architectural et Urbain:<br \/><br \/>A tous les niveaux de la conception nous avons cherch\u00e9 une r\u00e9ponse \u00e0 la fois fonctionnelle et urbaine, technique et architecturale, qui permet aussi de jouer sur la qualit\u00e9 environnementale comme des lumi\u00e8res et des vues particuli\u00e8rement remarquables.<\/p><p>L\u2019espace int\u00e9rieur est ici con\u00e7u comme un territoire partag\u00e9, les constructions lib\u00e8rent des espaces calmes et prot\u00e9g\u00e9s. Nous avons fait \u00e0 enraciner une liaison intime entre l\u2019usager et son environnement ; c\u2019est dans ce but que nous avons con\u00e7u des espaces de dimensions moyennes, ni trop grandes pour se sentir perdu, ni trop petites pour se sentir \u00e9touff\u00e9. Les espaces verts ne sont pas con\u00e7us anarchiquement ou pour boucher des parcelles perdues. Ils ont \u00e9t\u00e9 con\u00e7us de fa\u00e7on \u00e0 s\u2019imbriquer avec le b\u00e2ti comme deux tresses de cheveux qui s\u2019imbriquent l\u2019une dans l\u2019autre.<\/p><p>Des rev\u00eatements p\u00e9rennes et nobles pour une entr\u00e9e et des espaces int\u00e9rieurs accueillants et \u00e0 \u00e9chelle humaine<br \/>Le fonctionnement g\u00e9n\u00e9ral :<\/p><p>Le projet est con\u00e7u dans l\u2019espoir de r\u00e9pondre aux crit\u00e8res et exigences fonctionnels d\u2019un \u00e9tablissement \u00e9ducatif. Respecter le programme et les recommandations du maitre d\u2019ouvrage, notamment en ce qui concerne la capacit\u00e9 d\u2019accueil de l\u2019\u00e9tablissement et l\u2019organisation des diff\u00e9rents services. Tenir compte des contraintes techniques et urbanistiques impos\u00e9es .Quant \u00e0 l\u2019aspect architectural du b\u00e2timent. On a essay\u00e9 de composer avec le vocabulaire architectural caract\u00e9ristique de la r\u00e9gion pour l\u2019adapter \u00e0 un \u00e9tablissement d\u2019enseignement en vue d\u2019une meilleure int\u00e9gration du b\u00e2timent dans son environnement imm\u00e9diat(le campus universitaire de Manouba).<\/p><p>L\u2019institut de travail de Manouba est con\u00e7u dans une composition interm\u00e9diaire entre un institut pavillonnaire et un institut monobloc. L\u2019ensemble aurait ainsi une organisation de part et d\u2019autre de la colonne vert\u00e9brale du projet (b\u00e2timent d\u2019enseignement), ou chaque fonction trouverait son identit\u00e9, afin de pr\u00e9voir la possibilit\u00e9 d&rsquo;extension.<\/p><p>L\u2019institut s&rsquo;organise en quatre entit\u00e9s: l\u2019enseignement, l\u2019administration, la documentation et le socioculturel.<br \/>La coh\u00e9rence fonctionnelle et les conditions de confort est notre objectif majeur.<\/p><p>&#8211; Un bloc r\u00e9serv\u00e9 \u00e0 l\u2019enseignement, \u00e9tant l\u2019axe principal du projet, bien orient\u00e9 et s\u2019\u00e9tale sur trois niveaux, est en relation directe avec le bloc de documentation et de recherche, indirecte avec l\u2019administration.<\/p><p>-le bloc de documentation est bien reli\u00e9 avec l\u2019unit\u00e9 p\u00e9dagogique et l\u2019espace d\u2019enseignement et de formation continue d\u2019une part avec le bloc d\u2019enseignement et les laboratoires de recherche.<br \/>&#8211; la troisi\u00e8me entit\u00e9 est r\u00e9serv\u00e9e \u00e0 l\u2019administration o\u00f9 on a l\u2019acc\u00e8s principal au projet.<br \/>Ce b\u00e2timent s\u2019\u00e9tale sur deux niveaux et est centr\u00e9 par rapport au projet permettant un contr\u00f4le et une dominance au sein de l\u2019\u00e9quipement.<\/p><p>-le bloc socioculturel int\u00e9gr\u00e9 au b\u00e2timent mais fonctionne ind\u00e9pendamment et poss\u00e8de son propre acc\u00e8s.<br \/><br \/><\/p>\t\t\t\t\t\t<\/div>\n\t\t\t\t<\/div>\n\t\t\t\t\t<\/div>\n\t\t<\/div>\n\t\t\t\t\t\t\t<\/div>\n\t\t<\/section>\n\t\t\t\t\t\t<\/div>\n\t\t\t\t\t<\/div>\n\t\t","protected":false},"excerpt":{"rendered":"<p>Comp\u00e9tition INTES PROJET DE CONSTRUCTION DE L\u2019INSTITUT NATIONAL DE TRAVAIL ET DES ETUDES SOCIALES SIS A MANOUBA L\u2019insertion du projet dans le site:La conception g\u00e9n\u00e9rale du projet s&rsquo;appuie sur une id\u00e9e majeure: est que le b\u00e2timent r\u00e9serv\u00e9 \u00e0 l\u2019enseignement imposant par son hauteur et sa longueur reste toujours l\u2019axe principal du projet sur lequel on [&hellip;]<\/p>\n","protected":false},"author":1,"featured_media":0,"parent":198,"menu_order":0,"comment_status":"closed","ping_status":"closed","template":"","meta":{"footnotes":""},"class_list":["post-22851","page","type-page","status-publish","hentry","entry"],"_links":{"self":[{"href":"https:\/\/dbharchitectes.com\/index.php?rest_route=\/wp\/v2\/pages\/22851","targetHints":{"allow":["GET"]}}],"collection":[{"href":"https:\/\/dbharchitectes.com\/index.php?rest_route=\/wp\/v2\/pages"}],"about":[{"href":"https:\/\/dbharchitectes.com\/index.php?rest_route=\/wp\/v2\/types\/page"}],"author":[{"embeddable":true,"href":"https:\/\/dbharchitectes.com\/index.php?rest_route=\/wp\/v2\/users\/1"}],"replies":[{"embeddable":true,"href":"https:\/\/dbharchitectes.com\/index.php?rest_route=%2Fwp%2Fv2%2Fcomments&post=22851"}],"version-history":[{"count":0,"href":"https:\/\/dbharchitectes.com\/index.php?rest_route=\/wp\/v2\/pages\/22851\/revisions"}],"up":[{"embeddable":true,"href":"https:\/\/dbharchitectes.com\/index.php?rest_route=\/wp\/v2\/pages\/198"}],"wp:attachment":[{"href":"https:\/\/dbharchitectes.com\/index.php?rest_route=%2Fwp%2Fv2%2Fmedia&parent=22851"}],"curies":[{"name":"wp","href":"https:\/\/api.w.org\/{rel}","templated":true}]}}